{"id":528,"date":"2026-02-04T16:13:37","date_gmt":"2026-02-04T15:13:37","guid":{"rendered":"https:\/\/yaptherma.pl\/?page_id=528"},"modified":"2026-02-04T16:33:33","modified_gmt":"2026-02-04T15:33:33","slug":"elementor-strona-528","status":"publish","type":"page","link":"https:\/\/yaptherma.pl\/?page_id=528","title":{"rendered":"Kariera"},"content":{"rendered":"\t\t<div data-elementor-type=\"wp-page\" data-elementor-id=\"528\" class=\"elementor elementor-528\" data-elementor-post-type=\"page\">\n\t\t\t\t<div class=\"elementor-element elementor-element-undefined-e9a5d16 e-flex e-con-boxed e-con e-parent\" data-id=\"undefined-e9a5d16\" data-element_type=\"container\" data-e-type=\"container\" data-settings=\"{&quot;background_background&quot;:&quot;classic&quot;}\">\n\t\t\t\t\t<div class=\"e-con-inner\">\n\t\t\t\t<div class=\"elementor-element elementor-element-undefined-bbea188 elementor-widget elementor-widget-heading\" data-id=\"undefined-bbea188\" data-element_type=\"widget\" data-e-type=\"widget\" data-widget_type=\"heading.default\">\n\t\t\t\t\t<h5 class=\"elementor-heading-title elementor-size-default\">Do\u0142\u0105cz do zespo\u0142u YAP Therma. <\/h5>\t\t\t\t<\/div>\n\t\t\t\t<div class=\"elementor-element elementor-element-undefined-a56087e elementor-widget elementor-widget-heading\" data-id=\"undefined-a56087e\" data-element_type=\"widget\" data-e-type=\"widget\" data-widget_type=\"heading.default\">\n\t\t\t\t\t<h1 class=\"elementor-heading-title elementor-size-default\">Budujemy energetyk\u0119 przysz\u0142o\u015bci w Polsce i Europie.<\/h1>\t\t\t\t<\/div>\n\t\t\t\t<div class=\"elementor-element elementor-element-undefined-8f40652 elementor-widget elementor-widget-heading\" data-id=\"undefined-8f40652\" data-element_type=\"widget\" data-e-type=\"widget\" data-widget_type=\"heading.default\">\n\t\t\t\t\t<h5 class=\"elementor-heading-title elementor-size-default\">Otw\u00f3rz drzwi do niezwyk\u0142ych mo\u017cliwo\u015bci i odkryj inspiruj\u0105ce aspekty nowoczesnych rozwi\u0105za\u0144 energetycznych, kt\u00f3re przekszta\u0142caj\u0105 nasze \u017cycie na lepsze.<\/h5>\t\t\t\t<\/div>\n\t\t\t\t<div class=\"elementor-element elementor-element-undefined-5c4116e elementor-widget__width-auto elementor-align-right elementor-widget elementor-widget-button\" data-id=\"undefined-5c4116e\" data-element_type=\"widget\" data-e-type=\"widget\" data-widget_type=\"button.default\">\n\t\t\t\t\t\t\t\t\t\t<a class=\"elementor-button elementor-button-link elementor-size-sm\" href=\"https:\/\/yaptherma.pl\/?page_id=120\">\n\t\t\t\t\t\t<span class=\"elementor-button-content-wrapper\">\n\t\t\t\t\t\t\t\t\t<span class=\"elementor-button-text\">aplikuj <\/span>\n\t\t\t\t\t<\/span>\n\t\t\t\t\t<\/a>\n\t\t\t\t\t\t\t\t<\/div>\n\t\t\t\t\t<\/div>\n\t\t\t\t<\/div>\n\t\t\t\t<\/div>\n\t\t","protected":false},"excerpt":{"rendered":"<p>Do\u0142\u0105cz do zespo\u0142u YAP Therma. Budujemy energetyk\u0119 przysz\u0142o\u015bci w Polsce i Europie. Otw\u00f3rz drzwi do niezwyk\u0142ych mo\u017cliwo\u015bci i odkryj inspiruj\u0105ce aspekty nowoczesnych rozwi\u0105za\u0144 energetycznych, kt\u00f3re przekszta\u0142caj\u0105 nasze \u017cycie na lepsze. aplikuj<\/p>\n","protected":false},"author":1,"featured_media":473,"parent":0,"menu_order":0,"comment_status":"closed","ping_status":"closed","template":"elementor_theme","meta":{"_acf_changed":false,"_bbp_topic_count":0,"_bbp_reply_count":0,"_bbp_total_topic_count":0,"_bbp_total_reply_count":0,"_bbp_voice_count":0,"_bbp_anonymous_reply_count":0,"_bbp_topic_count_hidden":0,"_bbp_reply_count_hidden":0,"_bbp_forum_subforum_count":0,"_crdt_document":"","footnotes":""},"class_list":["post-528","page","type-page","status-publish","has-post-thumbnail","hentry"],"acf":[],"_links":{"self":[{"href":"https:\/\/yaptherma.pl\/index.php?rest_route=\/wp\/v2\/pages\/528","targetHints":{"allow":["GET"]}}],"collection":[{"href":"https:\/\/yaptherma.pl\/index.php?rest_route=\/wp\/v2\/pages"}],"about":[{"href":"https:\/\/yaptherma.pl\/index.php?rest_route=\/wp\/v2\/types\/page"}],"author":[{"embeddable":true,"href":"https:\/\/yaptherma.pl\/index.php?rest_route=\/wp\/v2\/users\/1"}],"replies":[{"embeddable":true,"href":"https:\/\/yaptherma.pl\/index.php?rest_route=%2Fwp%2Fv2%2Fcomments&post=528"}],"version-history":[{"count":13,"href":"https:\/\/yaptherma.pl\/index.php?rest_route=\/wp\/v2\/pages\/528\/revisions"}],"predecessor-version":[{"id":546,"href":"https:\/\/yaptherma.pl\/index.php?rest_route=\/wp\/v2\/pages\/528\/revisions\/546"}],"wp:featuredmedia":[{"embeddable":true,"href":"https:\/\/yaptherma.pl\/index.php?rest_route=\/wp\/v2\/media\/473"}],"wp:attachment":[{"href":"https:\/\/yaptherma.pl\/index.php?rest_route=%2Fwp%2Fv2%2Fmedia&parent=528"}],"curies":[{"name":"wp","href":"https:\/\/api.w.org\/{rel}","templated":true}]}}